{"id":120,"date":"2024-04-13T01:10:03","date_gmt":"2024-04-12T23:10:03","guid":{"rendered":"https:\/\/kai-bd.com\/?page_id=120"},"modified":"2024-09-09T22:37:45","modified_gmt":"2024-09-09T20:37:45","slug":"who-we-are","status":"publish","type":"page","link":"https:\/\/kai-bd.com\/es\/who-we-are\/","title":{"rendered":"Who we are"},"content":{"rendered":"<!doctype html>\n<html class=\"no-js\" lang=\"en\">\n\n\t<head>\n\t\t\t<!-- meta data -->\n\t\t\t<meta charset=\"utf-8\">\n\t\t\t<meta http-equiv=\"X-UA-Compatible\" content=\"IE=edge\">\n\t\t\t<meta name=\"viewport\" content=\"width=device-width, initial-scale=1\">\n\t\t\t<!-- The above 3 meta tags *must* come first in the head; any other head content must come *after* these tags -->\n\n\t\t\t<!--font-family-->\n\t\t\t<link href=\"https:\/\/fonts.googleapis.com\/css?family=Poppins:100,200,300,400,500,600,700,800,900&amp;subset=devanagari,latin-ext\" rel=\"stylesheet\">\n\t\t\t\n\t\t\t<!-- title of site -->\n\t\t\t<title>Browny<\/title>\n\n\t\t\t<!-- For favicon png -->\n\t\t\t<link rel=\"shortcut icon\" type=\"image\/icon\" href=\"assets\/logo\/favicon.png\"\/>\n\t\t\n\t\t\t<!--font-awesome.min.css-->\n\t\t\t<link rel=\"stylesheet\" href=\"https:\/\/kai-bd.com\/wp-content\/themes\/bAstra\/assets\/css\/font-awesome.min.css\">\n\n\t\t\t<!--flat icon css-->\n\t\t\t<link rel=\"stylesheet\" href=\"https:\/\/kai-bd.com\/wp-content\/themes\/bAstra\/assets\/css\/flaticon.css\">\n\n\t\t\t<!--animate.css-->\n\t\t\t<link rel=\"stylesheet\" href=\"https:\/\/kai-bd.com\/wp-content\/themes\/bAstra\/assets\/css\/animate.css\">\n\n\t\t\t<!--owl.carousel.css-->\n\t\t\t<link rel=\"stylesheet\" href=\"https:\/\/kai-bd.com\/wp-content\/themes\/bAstra\/assets\/css\/owl.carousel.min.css\">\n\t\t\t<link rel=\"stylesheet\" href=\"https:\/\/kai-bd.com\/wp-content\/themes\/bAstra\/assets\/css\/owl.theme.default.min.css\">\n\t\t\t\n\t\t\t<!--bootstrap.min.css-->\n\t\t\t<link rel=\"stylesheet\" href=\"https:\/\/kai-bd.com\/wp-content\/themes\/bAstra\/assets\/css\/bootstrap.min.css\">\n\t\t\t\n\t\t\t<!-- bootsnav -->\n\t\t\t<link rel=\"stylesheet\" href=\"https:\/\/kai-bd.com\/wp-content\/themes\/bAstra\/assets\/css\/bootsnav.css\" >\t\n\t\t\t\n\t\t\t<!--style.css-->\n\t\t\t<link rel=\"stylesheet\" href=\"https:\/\/kai-bd.com\/wp-content\/themes\/bAstra\/assets\/css\/style.css\">\n\t\t\t\n\t\t\t<!--responsive.css-->\n\t\t\t<link rel=\"stylesheet\" href=\"https:\/\/kai-bd.com\/wp-content\/themes\/bAstra\/assets\/css\/responsive.css\">\n\t\t\t\n\t\t\t<!-- HTML5 shim and Respond.js for IE8 support of HTML5 elements and media queries -->\n\t\t\t<!-- WARNING: Respond.js doesn't work if you view the page via file:\/\/ -->\n\t\t\t\n\t\t\t<!--[if lt IE 9]>\n\t\t\t\t<script src=\"https:\/\/oss.maxcdn.com\/html5shiv\/3.7.3\/html5shiv.min.js\"><\/script>\n\t\t\t\t<script src=\"https:\/\/oss.maxcdn.com\/respond\/1.4.2\/respond.min.js\"><\/script>\n\t\t\t<![endif]-->\n\n\t<\/head>\n\t\t\n\t<body>\n\t\t<!--[if lte IE 9]>\n\t\t\t<p class=\"browserupgrade\">You are using an <strong>outdated<\/strong> browser. Please <a href=\"https:\/\/browsehappy.com\/\">upgrade your browser<\/a> to improve your experience and security.<\/p>\n\t\t<![endif]-->\n\t\t\t\n\t\t<!-- top-area Start -->\n\t\t<header class=\"top-area\">\n\t\t\t<div class=\"header-area\">\n\t\t\t\t<!-- Start Navigation -->\n\t\t\t\t<nav class=\"navbar navbar-default bootsnav navbar-fixed dark no-background\">\n\n\t\t\t\t\t<div class=\"container\">\n\n\t\t\t\t\t\t<!-- Start Header Navigation -->\n\t\t\t\t\t\t<div class=\"navbar-header\">\n\t\t\t\t\t\t\t<button type=\"button\" class=\"navbar-toggle\" data-toggle=\"collapse\" data-target=\"#navbar-menu\">\n\t\t\t\t\t\t\t\t<i class=\"fa fa-bars\"><\/i>\n\t\t\t\t\t\t\t<\/button>\n\t\t\t\t\t\t\t<a class=\"navbar-brand\" href=\"https:\/\/kai-bd.com\/es\/inicio\/\"><img decoding=\"async\" class=\"header-logo\" src=\"https:\/\/kai-bd.com\/wp-content\/uploads\/2024\/04\/logo-header.png\" alt=\"header-logo\"><\/a>\n\t\t\t\t\t\t<\/div><!--\/.navbar-header-->\n\t\t\t\t\t\t<!-- End Header Navigation -->\n\n\t\t\t\t\t\t<!-- Collect the nav links, forms, and other content for toggling -->\n\t\t\t\t\t\t<div class=\"collapse navbar-collapse menu-ui-design\" id=\"navbar-menu\">\n\t\t\t\t\t\t\t<ul class=\"nav navbar-nav navbar-right menu-cabecera\" data-in=\"fadeInDown\" data-out=\"fadeOutUp\">\n\t\t\t\t\t\t\t\t<li class=\"smooth-menu active\"><\/li>\n\t\t\t\t\t\t\t\t<li class=\"smooth-menu\"><button onclick=\"window.open('https:\/\/kai-bd.com\/inicio\/', '_self')\">INICIO<\/button><\/li>\n\t\t\t\t\t\t\t\t<li class=\"smooth-menu\"><button onclick=\"window.open('https:\/\/kai-bd.com\/services\/', '_self')\">SERVICIOS<\/button><\/li>\n\t\t\t\t\t\t\t\t<li class=\"smooth-menu\"><button onclick=\"window.open('https:\/\/kai-bd.com\/who-we-are\/', '_self')\">QUI\u00c9NES SOMOS<\/button><\/li>\n\t\t\t\t\t\t\t<\/ul><!--\/.nav -->\n\t\t\t\t\t\t<\/div><!-- \/.navbar-collapse -->\n\t\t\t\t\t<\/div><!--\/.container-->\n\t\t\t\t<\/nav><!--\/nav-->\n\t\t\t\t<!-- End Navigation -->\n\t\t\t<\/div><!--\/.header-area-->\n\n\t\t\t<div class=\"clearfix\"><\/div>\n\n\t\t<\/header><!-- \/.top-area-->\n\t\t<!-- top-area End -->\n\t\t\n\t\t<!--somos-hero start -->\n\t\t<section id=\"somos-hero\" class=\"somos-hero\">\n\t\t\t<div class=\"contain-somos\">\n\t\t\t\t<div class=\"hero-somos1\">\n\t\t\t\t\t<p class=\"titu-somos\">QUI\u00c9NES SOMOS<\/p>\n                <\/div>\n\t\t\t<\/div>\n\t\t<\/section><!--\/.somos-hero-->\n\t\t<!--somos-hero end -->\n\n\t\t<!--about-us start -->\n\t\t<section id=\"about-us\" class=\"about-us\">\n\t\t\t<div class=\"about-us-heading text-center\">\n\t\t\t\t<h2>QUI\u00c9NES SOMOS<\/h2>\n\t\t\t<\/div>\n\n\t\t\t<div class=\"container-about-us\">\n\t\t\t\t<p class=\"parra-offer\">A trav\u00e9s de asociaciones colaborativas, aprovechamos la experiencia colectiva de nuestro equipo y colaboradores de la industria para desbloquear nuevos mercados y expandir el alcance de nuestros clientes, Fomentando la comunicaci\u00f3n abierta y transparencia, nos aseguramos que cada decisi\u00f3n sea hecha con la mayor integridad alineada con las metas de nuestros clientes a largo plazo.<br><br><br>Nuestro compromiso de ofrecer un valor excepcional se extiende m\u00e1s all\u00e1 de meras transacciones; es sobre cultivar relaciones duraderas constru\u00eddas con confianza, integridad y \u00e9xito mutuo. Ya sea que seas un emprendimiento buscando entrar en un nuevo mercado o una empresa establecida buscando mejorar su ventaja competitiva, KAI Business Development est\u00e1 aqu\u00ed para guiarte por cada paso del camino.<\/p>\n\t\t\t<\/div>\n\t\t<\/section><!--\/.about-us-->\n\t\t<!--about-us end -->\n\n\t\t<!--mision\/vision start -->\n\t\t<section id=\"misi-visi\" class=\"misi-visi\">\n\t\t\t<div class=\"container-misi\">\n\t\t\t\t<div class=\"mision1\">\n\t\t\t\t\t<img decoding=\"async\" class=\"misi\" src=\"https:\/\/kai-bd.com\/wp-content\/uploads\/2024\/04\/mision-vision-04.png\" alt=\"mision\">\n\t\t\t\t<\/div>\n\n\t\t\t\t<div class=\"mision2\">\n\t\t\t\t\t<div class=\"misi-info\">\n\t\t\t\t\t\t<h3 class=\"titu-misi\">MISI\u00d3N<\/h3>\n\n\t\t\t\t\t\t<p class=\"parra-misi\">Nuestra misi\u00f3n es identificar, crear y aprovechar oportunidades estrat\u00e9gicas que impulsen un crecimiento sostenible y rentabilidad de nuestros clientes. A trav\u00e9s de estrategias innovadoras, conocimiento de mercado y sociedades colaborativas, apuntamos a desbloquear nuevos mercados, expandir el alcance de nuestros clientes y mejorar su ventaja competitiva en un panorama empresarial en constante evoluci\u00f3n. Estamos comprometidos en entregar valor excepcional y fomentar el \u00e9xito mutuo<\/p>\n\t\t\t\t\t<\/div>\n\t\t\t\t<\/div>\n\t\t\t<\/div>\n\n\t\t\t<div class=\"container-visi\">\n\t\t\t\t<div class=\"vision1\">\n\t\t\t\t\t<img decoding=\"async\" class=\"visi\" src=\"https:\/\/kai-bd.com\/wp-content\/uploads\/2024\/04\/mision-vision-05.png\" alt=\"vision\">\n\t\t\t\t<\/div>\n\n\t\t\t\t<div class=\"vision2\">\n\t\t\t\t\t<div class=\"visi-info\">\n\t\t\t\t\t\t<h3 class=\"titu-visi\">VISI\u00d3N<\/h3>\n\n\t\t\t\t\t\t<p class=\"parra-visi\">Nuestra misi\u00f3n es ser el socio lider en empresas alrededor del mundo, llevando un crecimiento sustentable y ventajas competitivas. Visualizamos un futuro donde nuestas estrategias innovadoras y sociendad colaborativa empodere nuestros clientes a prosperar en el mercado global en evoluci\u00f3n, fomentando un \u00e9xito duradero basasdo en confianza, integridad y logo mutuo.<\/p>\n\t\t\t\t\t<\/div>\n\t\t\t\t<\/div>\n\t\t\t<\/div>\n\t\t<\/section><!--\/.mision\/vision-->\n\t\t<!--mision\/vision end -->\n\n\t\t<!--footer-copyright start-->\n\t\t<footer id=\"footer-copyright\" class=\"footer-copyright\">\n\t\t\t<div class=\"foot-contain\">\n\t\t\t\t<div class=\"foot-items1\">\n\t\t\t\t\t<ul>\n\t\t\t\t\t\t<a href=\"https:\/\/kai-bd.com\/es\/\"><li class=\"menu-foot\">INICIO<\/li><\/a>\n\t\t\t\t\t\t<a href=\"https:\/\/kai-bd.com\/es\/services\/\"><li class=\"menu-foot\">QUI\u00c9NES SOMOS<\/li><\/a>\n\t\t\t\t\t\t<a href=\"https:\/\/kai-bd.com\/es\/who-we-are\/\"><li class=\"menu-foot\">SERVICIOS<\/li><\/a>\n\t\t\t\t\t\t<li class=\"menu-foot\">POL\u00cdTICAS DE LA COMPA\u00d1\u00cdA<\/li>\n\t\t\t\t\t<\/ul>\n\t\t\t\t<\/div>\n\n\t\t\t\t<div class=\"foot-items2\">\n\t\t\t\t\t<ul>\n\t\t\t\t\t\t<li class=\"contact-foot titu-contact\">CONT\u00c1CTANOS<\/li>\n\t\t\t\t\t\t<a href=\"mailto:info@kai-bd.com?subject=SERVICES&#038;body=Hi%20good%20day%2C%20I%20would%20love%20to%20know%20more%20about%20your%20services\"><li class=\"contact-foot\">info@kai-bd.com<\/li><\/a>\n\t\t\t\t\t\t<a href=\"mailto:nj.torres@kai-bd.com?subject=SERVICES&#038;body=Hi%20good%20day%2C%20I%20would%20love%20to%20know%20more%20about%20your%20services\"><li class=\"contact-foot\">nj.torres@kai-bd.com<\/li><\/a>\n\t\t\t\t\t\t<a href=\"mailto:gl.useche@kai-bd.com?subject=SERVICES&#038;body=Hi%20good%20day%2C%20I%20would%20love%20to%20know%20more%20about%20your%20services\"><li class=\"contact-foot\">gl.useche@kai-bd.com<\/li><\/a>\n\t\t\t\t\t<\/ul>\n\t\t\t\t<\/div>\n\n\t\t\t\t<div class=\"foot-items3\">\n\t\t\t\t\t<a href=\"https:\/\/kai-bd.com\/es\/\"><img decoding=\"async\" class=\"logo-foot\" src=\"https:\/\/kai-bd.com\/wp-content\/uploads\/2024\/04\/0-footer-logo.svg\" alt=\"\"><\/a>\n\t\t\t\t<\/div>\n\t\t\t<\/div>\n\n\t\t\t<div class=\"sepa-foot\"><\/div>\n\n\t\t\t<div class=\"container\">\n\t\t\t\t<div class=\"hm-footer-copyright text-center\">\n\t\t\t\t\t<p>\u00a9 2024 KAI Business Development. Todos los derechos reservados. Desarrollado por <a href=\"https:\/\/enfoca2sstudios.com\/\">Enfoca2&#8217;s Studios.<\/a>\n\t\t\t\t\t<\/p><!--\/p-->\n\t\t\t\t<\/div><!--\/.text-center-->\n\t\t\t<\/div><!--\/.container-->\n\n\t\t\t<div id=\"scroll-Top\">\n\t\t\t\t<div class=\"return-to-top\">\n\t\t\t\t\t<i class=\"fa fa-angle-up\" id=\"scroll-top\" ><\/i>\n\t\t\t\t<\/div>\n\t\t\t\t\n\t\t\t<\/div><!--\/.scroll-Top-->\n\t\t\t\n        <\/footer><!--\/.footer-copyright-->\n\t\t<!--footer-copyright end-->\n\t\t\t\n\t\t<!-- Include all js compiled plugins (below), or include individual files as needed -->\n\t\t<script src=\"https:\/\/kai-bd.com\/wp-content\/themes\/bAstra\/assets\/js\/jquery.js\"><\/script>\n\t\t\n\t\t<!--modernizr.min.js-->\n\t\t<script src=\"https:\/\/cdnjs.cloudflare.com\/ajax\/libs\/modernizr\/2.8.3\/modernizr.min.js\"><\/script>\n\t\t\n\t\t<!--bootstrap.min.js-->\n\t\t<script src=\"https:\/\/kai-bd.com\/wp-content\/themes\/bAstra\/assets\/js\/bootstrap.min.js\"><\/script>\n\t\t\n\t\t<!-- bootsnav js -->\n\t\t<!--<script src=\"https:\/\/kai-bd.com\/wp-content\/themes\/bAstra\/assets\/js\/bootsnav.js\"><\/script>-->\n\t\t\n\t\t<!-- jquery.sticky.js -->\n\t\t<script src=\"https:\/\/kai-bd.com\/wp-content\/themes\/bAstra\/assets\/js\/jquery.sticky.js\"><\/script>\n\t\t\n\t\t<!-- for progress bar start-->\n\t\t<!-- progressbar js -->\n\t\t<script src=\"https:\/\/kai-bd.com\/wp-content\/themes\/bAstra\/assets\/js\/progressbar.js\"><\/script>\n\t\t<!-- appear js -->\n\t\t<script src=\"https:\/\/kai-bd.com\/wp-content\/themes\/bAstra\/assets\/js\/jquery.appear.js\"><\/script>\n\t\t<!-- for progress bar end -->\n\t\t<!--owl.carousel.js-->\n\t\t<script src=\"https:\/\/kai-bd.com\/wp-content\/themes\/bAstra\/assets\/js\/owl.carousel.min.js\"><\/script>\n\t\t<script src=\"https:\/\/cdnjs.cloudflare.com\/ajax\/libs\/jquery-easing\/1.4.1\/jquery.easing.min.js\"><\/script>\n\t\t\n\t\t\n\t\t<!--Custom JS-->\n\t\t<script src=\"https:\/\/kai-bd.com\/wp-content\/themes\/bAstra\/assets\/js\/custom.js\"><\/script>\n\t\t\n\t<\/body>\n\t\t\n<\/html>","protected":false},"excerpt":{"rendered":"<p>Browny home services who we are who we are about us Through collaborative partnerships, we leverage the collective expertise of [&hellip;]<\/p>","protected":false},"author":1,"featured_media":0,"parent":0,"menu_order":2,"comment_status":"closed","ping_status":"closed","template":"","meta":{"site-sidebar-layout":"no-sidebar","site-content-layout":"","ast-site-content-layout":"full-width-container","site-content-style":"unboxed","site-sidebar-style":"unboxed","ast-global-header-display":"disabled","ast-banner-title-visibility":"disabled","ast-main-header-display":"","ast-hfb-above-header-display":"","ast-hfb-below-header-display":"","ast-hfb-mobile-header-display":"","site-post-title":"","ast-breadcrumbs-content":"","ast-featured-img":"","footer-sml-layout":"disabled","theme-transparent-header-meta":"","adv-header-id-meta":"","stick-header-meta":"","header-above-stick-meta":"","header-main-stick-meta":"","header-below-stick-meta":"","astra-migrate-meta-layouts":"default","ast-page-background-enabled":"default","ast-page-background-meta":{"desktop":{"background-color":"var(--ast-global-color-4)","background-image":"","background-repeat":"repeat","background-position":"center center","background-size":"auto","background-attachment":"scroll","background-type":"","background-media":"","overlay-type":"","overlay-color":"","overlay-opacity":"","overlay-gradient":""},"tablet":{"background-color":"","background-image":"","background-repeat":"repeat","background-position":"center center","background-size":"auto","background-attachment":"scroll","background-type":"","background-media":"","overlay-type":"","overlay-color":"","overlay-opacity":"","overlay-gradient":""},"mobile":{"background-color":"","background-image":"","background-repeat":"repeat","background-position":"center center","background-size":"auto","background-attachment":"scroll","background-type":"","background-media":"","overlay-type":"","overlay-color":"","overlay-opacity":"","overlay-gradient":""}},"ast-content-background-meta":{"desktop":{"background-color":"var(--ast-global-color-5)","background-image":"","background-repeat":"repeat","background-position":"center center","background-size":"auto","background-attachment":"scroll","background-type":"","background-media":"","overlay-type":"","overlay-color":"","overlay-opacity":"","overlay-gradient":""},"tablet":{"background-color":"var(--ast-global-color-5)","background-image":"","background-repeat":"repeat","background-position":"center center","background-size":"auto","background-attachment":"scroll","background-type":"","background-media":"","overlay-type":"","overlay-color":"","overlay-opacity":"","overlay-gradient":""},"mobile":{"background-color":"var(--ast-global-color-5)","background-image":"","background-repeat":"repeat","background-position":"center center","background-size":"auto","background-attachment":"scroll","background-type":"","background-media":"","overlay-type":"","overlay-color":"","overlay-opacity":"","overlay-gradient":""}},"footnotes":""},"class_list":["post-120","page","type-page","status-publish","hentry"],"_links":{"self":[{"href":"https:\/\/kai-bd.com\/es\/wp-json\/wp\/v2\/pages\/120","targetHints":{"allow":["GET"]}}],"collection":[{"href":"https:\/\/kai-bd.com\/es\/wp-json\/wp\/v2\/pages"}],"about":[{"href":"https:\/\/kai-bd.com\/es\/wp-json\/wp\/v2\/types\/page"}],"author":[{"embeddable":true,"href":"https:\/\/kai-bd.com\/es\/wp-json\/wp\/v2\/users\/1"}],"replies":[{"embeddable":true,"href":"https:\/\/kai-bd.com\/es\/wp-json\/wp\/v2\/comments?post=120"}],"version-history":[{"count":14,"href":"https:\/\/kai-bd.com\/es\/wp-json\/wp\/v2\/pages\/120\/revisions"}],"predecessor-version":[{"id":215,"href":"https:\/\/kai-bd.com\/es\/wp-json\/wp\/v2\/pages\/120\/revisions\/215"}],"wp:attachment":[{"href":"https:\/\/kai-bd.com\/es\/wp-json\/wp\/v2\/media?parent=120"}],"curies":[{"name":"wp","href":"https:\/\/api.w.org\/{rel}","templated":true}]}}