{"id":102,"date":"2024-04-12T20:28:08","date_gmt":"2024-04-12T18:28:08","guid":{"rendered":"https:\/\/kai-bd.com\/?page_id=102"},"modified":"2024-09-09T22:37:26","modified_gmt":"2024-09-09T20:37:26","slug":"services","status":"publish","type":"page","link":"https:\/\/kai-bd.com\/es\/services\/","title":{"rendered":"Services"},"content":{"rendered":"<!doctype html>\n<html class=\"no-js\" lang=\"en\">\n\n\t<head>\n\t\t<!-- meta data -->\n\t\t<meta charset=\"utf-8\">\n\t\t<meta http-equiv=\"X-UA-Compatible\" content=\"IE=edge\">\n\t\t<meta name=\"viewport\" content=\"width=device-width, initial-scale=1\">\n\t\t<!-- The above 3 meta tags *must* come first in the head; any other head content must come *after* these tags -->\n\t\t<!--font-family-->\n\t\t<link href=\"https:\/\/fonts.googleapis.com\/css?family=Poppins:100,200,300,400,500,600,700,800,900&amp;subset=devanagari,latin-ext\" rel=\"stylesheet\">\n\t\t\n\t\t<!-- title of site -->\n\t\t<title>Browny<\/title>\n\t\t<!-- For favicon png -->\n\t\t<link rel=\"shortcut icon\" type=\"image\/icon\" href=\"assets\/logo\/favicon.png\"\/>\n\t\n\t\t<!--font-awesome.min.css-->\n\t\t<link rel=\"stylesheet\" href=\"https:\/\/kai-bd.com\/wp-content\/themes\/bAstra\/assets\/css\/font-awesome.min.css\">\n\t\t<!--flat icon css-->\n\t\t<link rel=\"stylesheet\" href=\"https:\/\/kai-bd.com\/wp-content\/themes\/bAstra\/assets\/css\/flaticon.css\">\n\t\t<!--animate.css-->\n\t\t<link rel=\"stylesheet\" href=\"https:\/\/kai-bd.com\/wp-content\/themes\/bAstra\/assets\/css\/animate.css\">\n\t\t<!--owl.carousel.css-->\n\t\t<link rel=\"stylesheet\" href=\"https:\/\/kai-bd.com\/wp-content\/themes\/bAstra\/assets\/css\/owl.carousel.min.css\">\n\t\t<link rel=\"stylesheet\" href=\"https:\/\/kai-bd.com\/wp-content\/themes\/bAstra\/assets\/css\/owl.theme.default.min.css\">\n\t\t\n\t\t<!--bootstrap.min.css-->\n\t\t<link rel=\"stylesheet\" href=\"https:\/\/kai-bd.com\/wp-content\/themes\/bAstra\/assets\/css\/bootstrap.min.css\">\n\t\t\n\t\t<!-- bootsnav -->\n\t\t<link rel=\"stylesheet\" href=\"https:\/\/kai-bd.com\/wp-content\/themes\/bAstra\/assets\/css\/bootsnav.css\" >\t\n\t\t\n\t\t<!--style.css-->\n\t\t<link rel=\"stylesheet\" href=\"https:\/\/kai-bd.com\/wp-content\/themes\/bAstra\/assets\/css\/style.css\">\n\t\t\n\t\t<!--responsive.css-->\n\t\t<link rel=\"stylesheet\" href=\"https:\/\/kai-bd.com\/wp-content\/themes\/bAstra\/assets\/css\/responsive.css\">\n\t\t\n\t\t<!-- HTML5 shim and Respond.js for IE8 support of HTML5 elements and media queries -->\n\t\t<!-- WARNING: Respond.js doesn't work if you view the page via file:\/\/ -->\n\t\t\n\t\t<!--[if lt IE 9]>\n\t\t\t<script src=\"https:\/\/oss.maxcdn.com\/html5shiv\/3.7.3\/html5shiv.min.js\"><\/script>\n\t\t\t<script src=\"https:\/\/oss.maxcdn.com\/respond\/1.4.2\/respond.min.js\"><\/script>\n\t\t<![endif]-->\n\n\t<\/head>\n\t\t\n\t<body>\n\t\t<!--[if lte IE 9]>\n\t\t\t<p class=\"browserupgrade\">You are using an <strong>outdated<\/strong> browser. Please <a href=\"https:\/\/browsehappy.com\/\">upgrade your browser<\/a> to improve your experience and security.<\/p>\n\t\t<![endif]-->\n\t\t\t\n\t\t<!-- top-area Start -->\n\t\t<header class=\"top-area\">\n\t\t\t<div class=\"header-area\">\n\t\t\t\t<!-- Start Navigation -->\n\t\t\t\t<nav class=\"navbar navbar-default bootsnav navbar-fixed dark no-background\">\n\t\t\t\t\t<div class=\"container\">\n\t\t\t\t\t\t<!-- Start Header Navigation -->\n\t\t\t\t\t\t<div class=\"navbar-header\">\n\t\t\t\t\t\t\t<button type=\"button\" class=\"navbar-toggle\" data-toggle=\"collapse\" data-target=\"#navbar-menu\">\n\t\t\t\t\t\t\t\t<i class=\"fa fa-bars\"><\/i>\n\t\t\t\t\t\t\t<\/button>\n\t\t\t\t\t\t\t<a class=\"navbar-brand\" href=\"https:\/\/kai-bd.com\/es\/inicio\/\"><img decoding=\"async\" class=\"header-logo\" src=\"https:\/\/kai-bd.com\/wp-content\/uploads\/2024\/04\/logo-header.png\" alt=\"header-logo\"><\/a>\n\t\t\t\t\t\t<\/div><!--\/.navbar-header-->\n\t\t\t\t\t\t<!-- End Header Navigation -->\n\t\t\t\t\t\t<!-- Collect the nav links, forms, and other content for toggling -->\n\t\t\t\t\t\t<div class=\"collapse navbar-collapse menu-ui-design\" id=\"navbar-menu\">\n\t\t\t\t\t\t\t<ul class=\"nav navbar-nav navbar-right menu-cabecera\" data-in=\"fadeInDown\" data-out=\"fadeOutUp\">\n\t\t\t\t\t\t\t\t<li class=\"smooth-menu active\"><\/li>\n\t\t\t\t\t\t\t\t<li class=\"smooth-menu\"><button onclick=\"window.open('https:\/\/kai-bd.com\/inicio\/', '_self')\">INICIO<\/button><\/li>\n\t\t\t\t\t\t\t\t<li class=\"smooth-menu\"><button onclick=\"window.open('https:\/\/kai-bd.com\/services\/', '_self')\">SERVICIOS<\/button><\/li>\n\t\t\t\t\t\t\t\t<li class=\"smooth-menu\"><button onclick=\"window.open('https:\/\/kai-bd.com\/who-we-are\/', '_self')\">QUI\u00c9NES SOMOS<\/button><\/li>\n\t\t\t\t\t\t\t<\/ul><!--\/.nav -->\n\t\t\t\t\t\t<\/div><!-- \/.navbar-collapse -->\n\t\t\t\t\t<\/div><!--\/.container-->\n\t\t\t\t<\/nav><!--\/nav-->\n\t\t\t\t<!-- End Navigation -->\n\t\t\t<\/div><!--\/.header-area-->\n\t\t\t<div class=\"clearfix\"><\/div>\n\t\t<\/header><!-- \/.top-area-->\n\t\t<!-- top-area End -->\n\t\n\t\t<!--servicio-hero start -->\n\t\t<section id=\"servicio-hero\" class=\"servicio-hero\">\n\t\t\t<div class=\"contain-services\">\n\t\t\t\t<div class=\"hero-serv1\">\n                    <p class=\"titu-servis\">SERVICIOS<\/p>\n                <\/div>\n\t\t\t<\/div>\n\t\t<\/section><!--\/.servicio-hero-->\n\t\t<!--servicio-hero end -->\n\t\t\n\t\t<!--offer start -->\n\t\t<section id=\"offer\" class=\"offer\">\n\t\t\t<div class=\"offer-heading text-center\">\n\t\t\t\t<h2>TE OFRECEMOS<\/h2>\n\t\t\t<\/div>\n\t\t\t<div class=\"container-offer\">\n\t\t\t\t<p class=\"parra-offer\">KAI opera de diferentes maneras, dependiendo de su estructura, enfoque de la industria y modelo de negocios.<br><br><br>En general, KAI juega un rol vital en proveer capital, experiencia y  soporte para ayudar peque\u00f1as y medianas empresas a surgir y crecer.<\/p>\n\t\t\t<\/div>\n\t\t\t<div class=\"container-list\">\n\t\t\t\t<div class=\"servi-item1\">\n\t\t\t\t\t<img decoding=\"async\" class=\"img-servi\" src=\"https:\/\/kai-bd.com\/wp-content\/uploads\/2024\/04\/lista-servicios-05.png\" alt=\"\">\n\t\t\t\t\t<h3 class=\"titu-servi-item\">Enfoque de inversi\u00f3n<\/h3>\n\t\t\t\t\t<p class=\"parra-servi-item\">Muchas compa\u00f1ias principalmente invierten en proveer financiaci\u00f3n a pequelas y medianas empresas (SMBs). Suelen concentrarse en sectores particulares como la tecnolog\u00eda, cuidado de la salud, energia, bienes del consumidor o finanzas.<\/p>\n\t\t\t\t<\/div>\n\t\t\t\t<div class=\"servi-item2\">\n\t\t\t\t\t<img decoding=\"async\" class=\"img-servi\" src=\"https:\/\/kai-bd.com\/wp-content\/uploads\/2024\/04\/lista-servicios-06.png\" alt=\"\">\n\t\t\t\t\t<h3 class=\"titu-servi-item\">Desarrollo del Capital<\/h3>\n\t\t\t\t\t<p class=\"parra-servi-item\">KAI desarrola capital para apoyar el crecimiento, expansi\u00f3n, o reestructuraci\u00f3n de su portafolios de compa\u00f1\u00edas. Este capital puede tomar forma de financiaci\u00f3n mediante deuda, inversiones iguales o una combinaci\u00f3n de ambos.<\/p>\n\t\t\t\t<\/div>\n\t\t\t\t<div class=\"servi-item3\">\n\t\t\t\t\t<img decoding=\"async\" class=\"img-servi\" src=\"https:\/\/kai-bd.com\/wp-content\/uploads\/2024\/04\/lista-servicios-07.png\" alt=\"\">\n\t\t\t\t\t<h3 class=\"titu-servi-item\">Debida Diligencia<\/h3>\n\t\t\t\t\t<p class=\"parra-servi-item\">Antes de realizar inversiones, KAI conduce una debida diligencia exhaustiva en potenciales compa\u00f1\u00edas de su cartera. Este proceso implica evaluar la salud de la financiera de la empresa, equipos de manejo, oportunidad de mercado, paisaje competitivo y prospectos de crecimiento.<\/p>\n\t\t\t\t<\/div>\n\t\t\t\t<div class=\"servi-item4\">\n\t\t\t\t\t<img decoding=\"async\" class=\"img-servi\" src=\"https:\/\/kai-bd.com\/wp-content\/uploads\/2024\/04\/lista-servicios-08.png\" alt=\"\">\n\t\t\t\t\t<h3 class=\"titu-servi-item\">Gesti\u00f3n de Cartera<\/h3>\n\t\t\t\t\t<p class=\"parra-servi-item\">KAI maneja los riesgos cuidadosamente mediante la diversificaci\u00f3n de su cartera de iinversiones a trav\u00e9s de diferentes industrias, etapas de desarrollo y tipos de inversi\u00f3n. Tambi\u00e9n se realizan evaluaciones de riesgo continuas y ajustar la estrategia de inversiones a consecuencia.<\/p>\n\t\t\t\t<\/div>\n\t\t\t<\/div>\n\t\t<\/section><!--\/.offer-->\n\t\t<!--offer end -->\n\n\t\t<!--formu start -->\n\t\t<section id=\"formu\" class=\"formu\">\n\t\t\t<div class=\"container-formu\">\n\t\t\t\t<div class=\"item-formu1\"><\/div>\n\t\t\t\t<div class=\"item-formu2\">\n\t\t\t\t\t<div class=\"head-contact\">\n\t\t\t\t\t\t<h3 class=\"contact-head\">CONT\u00c1CTANOS<\/h3>\n\t\t\t\t\t\t<div class=\"separa-head\"><\/div>\n\t\t\t\t\t<\/div>\n\t\t\t\t\t\n\t\t\t\t\t<div class=\"formulario\">\n\t\t\t\t\t\t<script type=\"text\/javascript\">var gform;gform||(document.addEventListener(\"gform_main_scripts_loaded\",function(){gform.scriptsLoaded=!0}),window.addEventListener(\"DOMContentLoaded\",function(){gform.domLoaded=!0}),gform={domLoaded:!1,scriptsLoaded:!1,initializeOnLoaded:function(o){gform.domLoaded&&gform.scriptsLoaded?o():!gform.domLoaded&&gform.scriptsLoaded?window.addEventListener(\"DOMContentLoaded\",o):document.addEventListener(\"gform_main_scripts_loaded\",o)},hooks:{action:{},filter:{}},addAction:function(o,n,r,t){gform.addHook(\"action\",o,n,r,t)},addFilter:function(o,n,r,t){gform.addHook(\"filter\",o,n,r,t)},doAction:function(o){gform.doHook(\"action\",o,arguments)},applyFilters:function(o){return gform.doHook(\"filter\",o,arguments)},removeAction:function(o,n){gform.removeHook(\"action\",o,n)},removeFilter:function(o,n,r){gform.removeHook(\"filter\",o,n,r)},addHook:function(o,n,r,t,i){null==gform.hooks[o][n]&&(gform.hooks[o][n]=[]);var e=gform.hooks[o][n];null==i&&(i=n+\"_\"+e.length),gform.hooks[o][n].push({tag:i,callable:r,priority:t=null==t?10:t})},doHook:function(n,o,r){var t;if(r=Array.prototype.slice.call(r,1),null!=gform.hooks[n][o]&&((o=gform.hooks[n][o]).sort(function(o,n){return o.priority-n.priority}),o.forEach(function(o){\"function\"!=typeof(t=o.callable)&&(t=window[t]),\"action\"==n?t.apply(null,r):r[0]=t.apply(null,r)})),\"filter\"==n)return r[0]},removeHook:function(o,n,t,i){var r;null!=gform.hooks[o][n]&&(r=(r=gform.hooks[o][n]).filter(function(o,n,r){return!!(null!=i&&i!=o.tag||null!=t&&t!=o.priority)}),gform.hooks[o][n]=r)}});<\/script>\n                <div class='gf_browser_gecko gform_wrapper gravity-theme gform-theme--no-framework' data-form-theme='gravity-theme' data-form-index='0' id='gform_wrapper_1' ><form method='post' enctype='multipart\/form-data'  id='gform_1'  action='\/es\/wp-json\/wp\/v2\/pages\/102' data-formid='1' novalidate data-trp-original-action=\"\/es\/wp-json\/wp\/v2\/pages\/102\">\n                        <div class='gform-body gform_body'><div id='gform_fields_1' class='gform_fields top_label form_sublabel_below description_below'><fieldset id=\"field_1_1\"  class=\"gfield gfield--type-name field_sublabel_hidden_label gfield--no-description field_description_below hidden_label gfield_visibility_visible\"  data-js-reload=\"field_1_1\"><legend class='gfield_label gform-field-label gfield_label_before_complex'  >Nombre<\/legend><div class='ginput_complex ginput_container ginput_container--name no_prefix has_first_name no_middle_name no_last_name no_suffix gf_name_has_1 ginput_container_name gform-grid-row' id='input_1_1'>\n                            \n                            <span id='input_1_1_3_container' class='name_first gform-grid-col gform-grid-col--size-auto' >\n                                                    <input type='text' name='input_1.3' id='input_1_1_3' value=''   aria-required='false'   placeholder='Nombre'  \/>\n                                                    <label for='input_1_1_3' class='gform-field-label gform-field-label--type-sub hidden_sub_label screen-reader-text'>Nombre<\/label>\n                                                <\/span>\n                            \n                            \n                            \n                        <\/div><\/fieldset><div id=\"field_1_3\"  class=\"gfield gfield--type-text gfield--width-full field_sublabel_below gfield--no-description field_description_below hidden_label gfield_visibility_visible\"  data-js-reload=\"field_1_3\"><label class='gfield_label gform-field-label' for='input_1_3' >compa\u00f1ia<\/label><div class='ginput_container ginput_container_text'><input name='input_3' id='input_1_3' type='text' value='' class='large'    placeholder='Compa\u00f1\u00eda'  aria-invalid=\"false\"   \/> <\/div><\/div><div id=\"field_1_4\"  class=\"gfield gfield--type-email gfield--width-full field_sublabel_below gfield--no-description field_description_below hidden_label gfield_visibility_visible\"  data-js-reload=\"field_1_4\"><label class='gfield_label gform-field-label' for='input_1_4' >Email<\/label><div class='ginput_container ginput_container_email'>\n                            <input name='input_4' id='input_1_4' type='email' value='' class='large'   placeholder='Email'  aria-invalid=\"false\"  \/>\n                        <\/div><\/div><div id=\"field_1_5\"  class=\"gfield gfield--type-phone gfield--width-full field_sublabel_below gfield--no-description field_description_below hidden_label gfield_visibility_visible\"  data-js-reload=\"field_1_5\"><label class='gfield_label gform-field-label' for='input_1_5' >Tel\u00e9fono<\/label><div class='ginput_container ginput_container_phone'><input name='input_5' id='input_1_5' type='tel' value='' class='large'  placeholder='Tel\u00e9fono'  aria-invalid=\"false\"   \/><\/div><\/div><div id=\"field_1_6\"  class=\"gfield gfield--type-textarea gfield--width-full field_sublabel_below gfield--no-description field_description_below hidden_label gfield_visibility_visible\"  data-js-reload=\"field_1_6\"><label class='gfield_label gform-field-label' for='input_1_6' >mensaje<\/label><div class='ginput_container ginput_container_textarea'><textarea name='input_6' id='input_1_6' class='textarea medium'    placeholder='Mensaje'  aria-invalid=\"false\"   rows='10' cols='50'><\/textarea><\/div><\/div><\/div><\/div>\n        <div class='gform_footer before'> <input type='submit' id='gform_submit_button_1' class='gform_button button' value='ENVIAR'  onclick='if(window[\"gf_submitting_1\"]){return false;}  if( !jQuery(\"#gform_1\")[0].checkValidity || jQuery(\"#gform_1\")[0].checkValidity()){window[\"gf_submitting_1\"]=true;}  ' onkeypress='if( event.keyCode == 13 ){ if(window[\"gf_submitting_1\"]){return false;} if( !jQuery(\"#gform_1\")[0].checkValidity || jQuery(\"#gform_1\")[0].checkValidity()){window[\"gf_submitting_1\"]=true;}  jQuery(\"#gform_1\").trigger(\"submit\",[true]); }' \/> \n            <input type='hidden' class='gform_hidden' name='is_submit_1' value='1' \/>\n            <input type='hidden' class='gform_hidden' name='gform_submit' value='1' \/>\n            \n            <input type='hidden' class='gform_hidden' name='gform_unique_id' value='' \/>\n            <input type='hidden' class='gform_hidden' name='state_1' value='WyJbXSIsImYzOGQ5MDQxMDI4NDllMGFkNzVjODRjMDZmODhkMzk2Il0=' \/>\n            <input type='hidden' class='gform_hidden' name='gform_target_page_number_1' id='gform_target_page_number_1' value='0' \/>\n            <input type='hidden' class='gform_hidden' name='gform_source_page_number_1' id='gform_source_page_number_1' value='1' \/>\n            <input type='hidden' name='gform_field_values' value='' \/>\n            \n        <\/div>\n                        <input type=\"hidden\" name=\"trp-form-language\" value=\"es\"\/><\/form>\n                        <\/div><script>\ngform.initializeOnLoaded( function() {gformInitSpinner( 1, 'https:\/\/kai-bd.com\/wp-content\/plugins\/gravityforms\/images\/spinner.svg', true );jQuery('#gform_ajax_frame_1').on('load',function(){var contents = jQuery(this).contents().find('*').html();var is_postback = contents.indexOf('GF_AJAX_POSTBACK') >= 0;if(!is_postback){return;}var form_content = jQuery(this).contents().find('#gform_wrapper_1');var is_confirmation = jQuery(this).contents().find('#gform_confirmation_wrapper_1').length > 0;var is_redirect = contents.indexOf('gformRedirect(){') >= 0;var is_form = form_content.length > 0 && ! is_redirect && ! is_confirmation;var mt = parseInt(jQuery('html').css('margin-top'), 10) + parseInt(jQuery('body').css('margin-top'), 10) + 100;if(is_form){jQuery('#gform_wrapper_1').html(form_content.html());if(form_content.hasClass('gform_validation_error')){jQuery('#gform_wrapper_1').addClass('gform_validation_error');} else {jQuery('#gform_wrapper_1').removeClass('gform_validation_error');}setTimeout( function() { \/* delay the scroll by 50 milliseconds to fix a bug in chrome *\/  }, 50 );if(window['gformInitDatepicker']) {gformInitDatepicker();}if(window['gformInitPriceFields']) {gformInitPriceFields();}var current_page = jQuery('#gform_source_page_number_1').val();gformInitSpinner( 1, 'https:\/\/kai-bd.com\/wp-content\/plugins\/gravityforms\/images\/spinner.svg', true );jQuery(document).trigger('gform_page_loaded', [1, current_page]);window['gf_submitting_1'] = false;}else if(!is_redirect){var confirmation_content = jQuery(this).contents().find('.GF_AJAX_POSTBACK').html();if(!confirmation_content){confirmation_content = contents;}setTimeout(function(){jQuery('#gform_wrapper_1').replaceWith(confirmation_content);jQuery(document).trigger('gform_confirmation_loaded', [1]);window['gf_submitting_1'] = false;wp.a11y.speak(jQuery('#gform_confirmation_message_1').text());}, 50);}else{jQuery('#gform_1').append(contents);if(window['gformRedirect']) {gformRedirect();}}jQuery(document).trigger('gform_post_render', [1, current_page]);gform.utils.trigger({ event: 'gform\/postRender', native: false, data: { formId: 1, currentPage: current_page } });} );} );\n<\/script>\n\n\t\t\t\t\t<\/div>\n\t\t\t\t<\/div>\n\t\t\t<\/div>\n\t\t<\/section><!--\/.offer-->\n\t\t<!--offer end -->\n\n\t\t<!--footer-copyright start-->\n\t\t<footer id=\"footer-copyright\" class=\"footer-copyright\">\n\t\t\t<div class=\"foot-contain\">\n\t\t\t\t<div class=\"foot-items1\">\n\t\t\t\t\t<ul>\n\t\t\t\t\t\t<a href=\"https:\/\/kai-bd.com\/es\/\"><li class=\"menu-foot\">INICIO<\/li><\/a>\n\t\t\t\t\t\t<a href=\"https:\/\/kai-bd.com\/es\/services\/\"><li class=\"menu-foot\">QUI\u00c9NES SOMOS<\/li><\/a>\n\t\t\t\t\t\t<a href=\"https:\/\/kai-bd.com\/es\/who-we-are\/\"><li class=\"menu-foot\">SERVICIOS<\/li><\/a>\n\t\t\t\t\t\t<li class=\"menu-foot\">POL\u00cdTICAS DE LA COMPA\u00d1\u00cdA<\/li>\n\t\t\t\t\t<\/ul>\n\t\t\t\t<\/div>\n\n\t\t\t\t<div class=\"foot-items2\">\n\t\t\t\t\t<ul>\n\t\t\t\t\t\t<li class=\"contact-foot titu-contact\">CONT\u00c1CTANOS<\/li>\n\t\t\t\t\t\t<a href=\"mailto:info@kai-bd.com?subject=SERVICES&#038;body=Hi%20good%20day%2C%20I%20would%20love%20to%20know%20more%20about%20your%20services\"><li class=\"contact-foot\">info@kai-bd.com<\/li><\/a>\n\t\t\t\t\t\t<a href=\"mailto:nj.torres@kai-bd.com?subject=SERVICES&#038;body=Hi%20good%20day%2C%20I%20would%20love%20to%20know%20more%20about%20your%20services\"><li class=\"contact-foot\">nj.torres@kai-bd.com<\/li><\/a>\n\t\t\t\t\t\t<a href=\"mailto:gl.useche@kai-bd.com?subject=SERVICES&#038;body=Hi%20good%20day%2C%20I%20would%20love%20to%20know%20more%20about%20your%20services\"><li class=\"contact-foot\">gl.useche@kai-bd.com<\/li><\/a>\n\t\t\t\t\t<\/ul>\n\t\t\t\t<\/div>\n\n\t\t\t\t<div class=\"foot-items3\">\n\t\t\t\t\t<a href=\"https:\/\/kai-bd.com\/es\/\"><img decoding=\"async\" class=\"logo-foot\" src=\"https:\/\/kai-bd.com\/wp-content\/uploads\/2024\/04\/0-footer-logo.svg\" alt=\"\"><\/a>\n\t\t\t\t<\/div>\n\t\t\t<\/div>\n\n\t\t\t<div class=\"sepa-foot\"><\/div>\n\n\t\t\t<div class=\"container\">\n\t\t\t\t<div class=\"hm-footer-copyright text-center\">\n\t\t\t\t\t<p>\u00a9 2024 KAI Business Development. Todos los derechos reservados. Desarrollado por <a href=\"https:\/\/enfoca2sstudios.com\/\">Enfoca2&#8217;s Studios.<\/a>\n\t\t\t\t\t<\/p><!--\/p-->\n\t\t\t\t<\/div><!--\/.text-center-->\n\t\t\t<\/div><!--\/.container-->\n\n\t\t\t<div id=\"scroll-Top\">\n\t\t\t\t<div class=\"return-to-top\">\n\t\t\t\t\t<i class=\"fa fa-angle-up\" id=\"scroll-top\" ><\/i>\n\t\t\t\t<\/div>\n\t\t\t\t\n\t\t\t<\/div><!--\/.scroll-Top-->\n\t\t\t\n        <\/footer><!--\/.footer-copyright-->\n\t\t<!--footer-copyright end-->\n\t\t\n\t\t<!-- Include all js compiled plugins (below), or include individual files as needed -->\n\t\t<script src=\"https:\/\/kai-bd.com\/wp-content\/themes\/bAstra\/assets\/js\/jquery.js\"><\/script>\n\t\t\n\t\t<!--modernizr.min.js-->\n\t\t<script src=\"https:\/\/cdnjs.cloudflare.com\/ajax\/libs\/modernizr\/2.8.3\/modernizr.min.js\"><\/script>\n\t\t\n\t\t<!--bootstrap.min.js-->\n\t\t<script src=\"https:\/\/kai-bd.com\/wp-content\/themes\/bAstra\/assets\/js\/bootstrap.min.js\"><\/script>\n\t\t\n\t\t<!-- bootsnav js -->\n\t\t<!--<script src=\"https:\/\/kai-bd.com\/wp-content\/themes\/bAstra\/assets\/js\/bootsnav.js\"><\/script>-->\n\t\t\n\t\t<!-- jquery.sticky.js -->\n\t\t<script src=\"https:\/\/kai-bd.com\/wp-content\/themes\/bAstra\/assets\/js\/jquery.sticky.js\"><\/script>\n\t\t\n\t\t<!-- for progress bar start-->\n\t\t<!-- progressbar js -->\n\t\t<script src=\"https:\/\/kai-bd.com\/wp-content\/themes\/bAstra\/assets\/js\/progressbar.js\"><\/script>\n\t\t<!-- appear js -->\n\t\t<script src=\"https:\/\/kai-bd.com\/wp-content\/themes\/bAstra\/assets\/js\/jquery.appear.js\"><\/script>\n\t\t<!-- for progress bar end -->\n\t\t<!--owl.carousel.js-->\n\t\t<script src=\"https:\/\/kai-bd.com\/wp-content\/themes\/bAstra\/assets\/js\/owl.carousel.min.js\"><\/script>\n\t\t<script src=\"https:\/\/cdnjs.cloudflare.com\/ajax\/libs\/jquery-easing\/1.4.1\/jquery.easing.min.js\"><\/script>\n\t\t\n\t\t\n\t\t<!--Custom JS-->\n\t\t<script src=\"https:\/\/kai-bd.com\/wp-content\/themes\/bAstra\/assets\/js\/custom.js\"><\/script>\n\t\t\n\t<\/body>\n\t\t\n<\/html>","protected":false},"excerpt":{"rendered":"<p>Browny home services who we are services we offer you KAI operate in various ways depending on their structure, industry [&hellip;]<\/p>","protected":false},"author":1,"featured_media":0,"parent":0,"menu_order":1,"comment_status":"closed","ping_status":"closed","template":"","meta":{"site-sidebar-layout":"no-sidebar","site-content-layout":"","ast-site-content-layout":"full-width-container","site-content-style":"unboxed","site-sidebar-style":"unboxed","ast-global-header-display":"disabled","ast-banner-title-visibility":"disabled","ast-main-header-display":"","ast-hfb-above-header-display":"","ast-hfb-below-header-display":"","ast-hfb-mobile-header-display":"","site-post-title":"","ast-breadcrumbs-content":"","ast-featured-img":"","footer-sml-layout":"disabled","theme-transparent-header-meta":"","adv-header-id-meta":"","stick-header-meta":"","header-above-stick-meta":"","header-main-stick-meta":"","header-below-stick-meta":"","astra-migrate-meta-layouts":"default","ast-page-background-enabled":"default","ast-page-background-meta":{"desktop":{"background-color":"var(--ast-global-color-4)","background-image":"","background-repeat":"repeat","background-position":"center center","background-size":"auto","background-attachment":"scroll","background-type":"","background-media":"","overlay-type":"","overlay-color":"","overlay-opacity":"","overlay-gradient":""},"tablet":{"background-color":"","background-image":"","background-repeat":"repeat","background-position":"center center","background-size":"auto","background-attachment":"scroll","background-type":"","background-media":"","overlay-type":"","overlay-color":"","overlay-opacity":"","overlay-gradient":""},"mobile":{"background-color":"","background-image":"","background-repeat":"repeat","background-position":"center center","background-size":"auto","background-attachment":"scroll","background-type":"","background-media":"","overlay-type":"","overlay-color":"","overlay-opacity":"","overlay-gradient":""}},"ast-content-background-meta":{"desktop":{"background-color":"var(--ast-global-color-5)","background-image":"","background-repeat":"repeat","background-position":"center center","background-size":"auto","background-attachment":"scroll","background-type":"","background-media":"","overlay-type":"","overlay-color":"","overlay-opacity":"","overlay-gradient":""},"tablet":{"background-color":"var(--ast-global-color-5)","background-image":"","background-repeat":"repeat","background-position":"center center","background-size":"auto","background-attachment":"scroll","background-type":"","background-media":"","overlay-type":"","overlay-color":"","overlay-opacity":"","overlay-gradient":""},"mobile":{"background-color":"var(--ast-global-color-5)","background-image":"","background-repeat":"repeat","background-position":"center center","background-size":"auto","background-attachment":"scroll","background-type":"","background-media":"","overlay-type":"","overlay-color":"","overlay-opacity":"","overlay-gradient":""}},"footnotes":""},"class_list":["post-102","page","type-page","status-publish","hentry"],"_links":{"self":[{"href":"https:\/\/kai-bd.com\/es\/wp-json\/wp\/v2\/pages\/102","targetHints":{"allow":["GET"]}}],"collection":[{"href":"https:\/\/kai-bd.com\/es\/wp-json\/wp\/v2\/pages"}],"about":[{"href":"https:\/\/kai-bd.com\/es\/wp-json\/wp\/v2\/types\/page"}],"author":[{"embeddable":true,"href":"https:\/\/kai-bd.com\/es\/wp-json\/wp\/v2\/users\/1"}],"replies":[{"embeddable":true,"href":"https:\/\/kai-bd.com\/es\/wp-json\/wp\/v2\/comments?post=102"}],"version-history":[{"count":17,"href":"https:\/\/kai-bd.com\/es\/wp-json\/wp\/v2\/pages\/102\/revisions"}],"predecessor-version":[{"id":214,"href":"https:\/\/kai-bd.com\/es\/wp-json\/wp\/v2\/pages\/102\/revisions\/214"}],"wp:attachment":[{"href":"https:\/\/kai-bd.com\/es\/wp-json\/wp\/v2\/media?parent=102"}],"curies":[{"name":"wp","href":"https:\/\/api.w.org\/{rel}","templated":true}]}}